{"id":13061,"date":"2024-09-10T21:50:22","date_gmt":"2024-09-10T21:50:22","guid":{"rendered":"https:\/\/xelere.com\/?page_id=13061"},"modified":"2024-12-12T14:03:40","modified_gmt":"2024-12-12T14:03:40","slug":"politica-de-calidad","status":"publish","type":"page","link":"https:\/\/xelere.com\/en\/politica-de-calidad\/","title":{"rendered":"Pol\u00edtica de Calidad"},"content":{"rendered":"<p>[et_pb_section fb_built=&#8221;1&#8243; custom_padding_last_edited=&#8221;on|desktop&#8221; admin_label=&#8221;Section&#8221; _builder_version=&#8221;4.16&#8243; background_color=&#8221;#c83234&#8243; background_image=&#8221;https:\/\/xelere.com\/wp-content\/uploads\/2015\/08\/Websitetemplate-152.png&#8221; custom_padding_tablet=&#8221;50px|0|50px|0&#8243; custom_padding_phone=&#8221;&#8221; transparent_background=&#8221;off&#8221; padding_mobile=&#8221;off&#8221; make_fullwidth=&#8221;off&#8221; use_custom_width=&#8221;off&#8221; width_unit=&#8221;on&#8221; global_colors_info=&#8221;{}&#8221;][et_pb_row admin_label=&#8221;Fila&#8221; _builder_version=&#8221;4.16&#8243; background_size=&#8221;initial&#8221; background_position=&#8221;top_left&#8221; background_repeat=&#8221;repeat&#8221; global_colors_info=&#8221;{}&#8221;][et_pb_column type=&#8221;4_4&#8243; _builder_version=&#8221;4.16&#8243; custom_padding=&#8221;|||&#8221; global_colors_info=&#8221;{}&#8221; custom_padding__hover=&#8221;|||&#8221;][et_pb_text admin_label=&#8221;Text&#8221; _builder_version=&#8221;4.27.4&#8243; text_font=&#8221;|on|||&#8221; text_font_size=&#8221;45&#8243; header_font=&#8221;|700|||||||&#8221; header_font_size=&#8221;35px&#8221; background_size=&#8221;initial&#8221; background_position=&#8221;top_left&#8221; background_repeat=&#8221;repeat&#8221; background_layout=&#8221;dark&#8221; hover_enabled=&#8221;0&#8243; use_border_color=&#8221;off&#8221; border_color=&#8221;#ffffff&#8221; border_style=&#8221;solid&#8221; global_colors_info=&#8221;{}&#8221; sticky_enabled=&#8221;0&#8243;]<\/p>\n<h1>Pol\u00edtica de Calidad<\/h1>\n<p>&nbsp;<\/p>\n<p>[\/et_pb_text][\/et_pb_column][\/et_pb_row][\/et_pb_section][et_pb_section fb_built=&#8221;1&#8243; admin_label=&#8221;Secci\u00f3n&#8221; _builder_version=&#8221;4.16&#8243; global_colors_info=&#8221;{}&#8221;][et_pb_row admin_label=&#8221;Fila&#8221; _builder_version=&#8221;4.16&#8243; background_size=&#8221;initial&#8221; background_position=&#8221;top_left&#8221; background_repeat=&#8221;repeat&#8221; global_colors_info=&#8221;{}&#8221;][et_pb_column type=&#8221;4_4&#8243; _builder_version=&#8221;4.16&#8243; custom_padding=&#8221;|||&#8221; global_colors_info=&#8221;{}&#8221; custom_padding__hover=&#8221;|||&#8221;][et_pb_text admin_label=&#8221;Texto&#8221; _builder_version=&#8221;4.27.4&#8243; text_font_size=&#8221;18px&#8221; background_size=&#8221;initial&#8221; background_position=&#8221;top_left&#8221; background_repeat=&#8221;repeat&#8221; hover_enabled=&#8221;0&#8243; use_border_color=&#8221;off&#8221; border_color=&#8221;#ffffff&#8221; border_style=&#8221;solid&#8221; global_colors_info=&#8221;{}&#8221; sticky_enabled=&#8221;0&#8243;]XELERE, somos una empresa de \u201cServicios de Consultor\u00eda e implementaci\u00f3n en soluciones de Ciberseguridad y<br \/>\nen procesos de Tecnolog\u00eda de la Informaci\u00f3n\u201d.<\/p>\n<p>Poseemos una trayectoria de m\u00e1s de 20 a\u00f1os,\u00a0trabajando con nuestros clientes en Argentina y en la regi\u00f3n,<br \/>\npara optimizar la gesti\u00f3n y seguridad de las tecnolog\u00edas y servicios que son cr\u00edticos para sus negocios.<br \/>\nLlevamos adelante nuestros proyectos con dedicaci\u00f3n y responsabilidad, generando un v\u00ednculo de confianza<br \/>\ncon quienes nos eligen para desarrollar e implementar la mejor soluci\u00f3n.<\/p>\n<p><strong>NUESTRO PROP\u00d3SITO<\/strong><br \/>\nSer una empresa elegida por nuestros clientes por la excelencia\u00a0en la prestaci\u00f3n de soluciones y servicios,<br \/>\npor la\u00a0gran\u00a0calidad humana y profesional de nuestros colaboradores.<\/p>\n<p><strong>NUESTROS VALORES<\/strong><br \/>\n\u25cf Honestidad<br \/>\n\u25cf Calidad de nuestro servicio<br \/>\n\u25cf Liderazgo<br \/>\n\u25cf Flexibilidad<br \/>\n\u25cf Compromiso<br \/>\n\u25cf Trabajo en equipo<br \/>\n\u25cf Visi\u00f3n orientada a resultados<\/p>\n<p>Nos comprometemos con el objetivo de lograr la satisfacci\u00f3n de nuestros clientes y partes interesadas. Para<br \/>\nlograrlo, nos enfocamos en la mejora continua de nuestro sistema de gesti\u00f3n de calidad y en el cumplimiento<br \/>\nde los requisitos aplicables a todas nuestras actividades y procesos.<\/p>\n<p>Nuestra Pol\u00edtica de Calidad es una parte fundamental de nuestro compromiso. Esta pol\u00edtica se revisa<br \/>\nregularmente para asegurar su adecuaci\u00f3n y se comunica de manera transparente y efectiva a todas las<br \/>\npartes interesadas, incluyendo clientes, empleados y proveedores.<\/p>\n<p>DIRECCI\u00d3N<br \/>\nCEO (Juli\u00e1n Hern\u00e1ndez)[\/et_pb_text][\/et_pb_column][\/et_pb_row][\/et_pb_section]<\/p>\n","protected":false},"excerpt":{"rendered":"<p>Pol\u00edtica de Calidad &nbsp;XELERE, somos una empresa de \u201cServicios de Consultor\u00eda e implementaci\u00f3n en soluciones de Ciberseguridad y en procesos de Tecnolog\u00eda de la Informaci\u00f3n\u201d. Poseemos una trayectoria de m\u00e1s de 20 a\u00f1os,\u00a0trabajando con nuestros clientes en Argentina y en la regi\u00f3n, para optimizar la gesti\u00f3n y seguridad de las tecnolog\u00edas y servicios que son [&hellip;]<\/p>\n","protected":false},"author":3,"featured_media":0,"parent":0,"menu_order":0,"comment_status":"closed","ping_status":"closed","template":"","meta":{"_et_pb_use_builder":"on","_et_pb_old_content":"","_et_gb_content_width":"","footnotes":""},"class_list":["post-13061","page","type-page","status-publish","hentry"],"yoast_head":"<!-- This site is optimized with the Yoast SEO plugin v27.4 - https:\/\/yoast.com\/product\/yoast-seo-wordpress\/ -->\n<title>Pol\u00edtica de Calidad - Xelere<\/title>\n<meta name=\"robots\" content=\"index, follow, max-snippet:-1, max-image-preview:large, max-video-preview:-1\" \/>\n<link rel=\"canonical\" href=\"https:\/\/xelere.com\/en\/politica-de-calidad\/\" \/>\n<meta property=\"og:locale\" content=\"en_US\" \/>\n<meta property=\"og:type\" content=\"article\" \/>\n<meta property=\"og:title\" content=\"Pol\u00edtica de Calidad - Xelere\" \/>\n<meta property=\"og:description\" content=\"Pol\u00edtica de Calidad &nbsp;XELERE, somos una empresa de \u201cServicios de Consultor\u00eda e implementaci\u00f3n en soluciones de Ciberseguridad y en procesos de Tecnolog\u00eda de la Informaci\u00f3n\u201d. Poseemos una trayectoria de m\u00e1s de 20 a\u00f1os,\u00a0trabajando con nuestros clientes en Argentina y en la regi\u00f3n, para optimizar la gesti\u00f3n y seguridad de las tecnolog\u00edas y servicios que son [&hellip;]\" \/>\n<meta property=\"og:url\" content=\"https:\/\/xelere.com\/en\/politica-de-calidad\/\" \/>\n<meta property=\"og:site_name\" content=\"Xelere\" \/>\n<meta property=\"article:publisher\" content=\"https:\/\/www.facebook.com\/XelereSA\/\" \/>\n<meta property=\"article:modified_time\" content=\"2024-12-12T14:03:40+00:00\" \/>\n<meta property=\"og:image\" content=\"https:\/\/xelere.com\/wp-content\/uploads\/2015\/10\/conceptoiso.png\" \/>\n\t<meta property=\"og:image:width\" content=\"1600\" \/>\n\t<meta property=\"og:image:height\" content=\"1200\" \/>\n\t<meta property=\"og:image:type\" content=\"image\/png\" \/>\n<meta name=\"twitter:card\" content=\"summary_large_image\" \/>\n<meta name=\"twitter:site\" content=\"@Xelere\" \/>\n<meta name=\"twitter:label1\" content=\"Est. reading time\" \/>\n\t<meta name=\"twitter:data1\" content=\"2 minutes\" \/>\n<script type=\"application\/ld+json\" class=\"yoast-schema-graph\">{\"@context\":\"https:\\\/\\\/schema.org\",\"@graph\":[{\"@type\":\"WebPage\",\"@id\":\"https:\\\/\\\/xelere.com\\\/politica-de-calidad\\\/\",\"url\":\"https:\\\/\\\/xelere.com\\\/politica-de-calidad\\\/\",\"name\":\"Pol\u00edtica de Calidad - Xelere\",\"isPartOf\":{\"@id\":\"https:\\\/\\\/xelere.com\\\/#website\"},\"datePublished\":\"2024-09-10T21:50:22+00:00\",\"dateModified\":\"2024-12-12T14:03:40+00:00\",\"breadcrumb\":{\"@id\":\"https:\\\/\\\/xelere.com\\\/politica-de-calidad\\\/#breadcrumb\"},\"inLanguage\":\"en-US\",\"potentialAction\":[{\"@type\":\"ReadAction\",\"target\":[\"https:\\\/\\\/xelere.com\\\/politica-de-calidad\\\/\"]}]},{\"@type\":\"BreadcrumbList\",\"@id\":\"https:\\\/\\\/xelere.com\\\/politica-de-calidad\\\/#breadcrumb\",\"itemListElement\":[{\"@type\":\"ListItem\",\"position\":1,\"name\":\"Home\",\"item\":\"https:\\\/\\\/xelere.com\\\/\"},{\"@type\":\"ListItem\",\"position\":2,\"name\":\"Pol\u00edtica de Calidad\"}]},{\"@type\":\"WebSite\",\"@id\":\"https:\\\/\\\/xelere.com\\\/#website\",\"url\":\"https:\\\/\\\/xelere.com\\\/\",\"name\":\"Xelere\",\"description\":\"\",\"publisher\":{\"@id\":\"https:\\\/\\\/xelere.com\\\/#organization\"},\"potentialAction\":[{\"@type\":\"SearchAction\",\"target\":{\"@type\":\"EntryPoint\",\"urlTemplate\":\"https:\\\/\\\/xelere.com\\\/?s={search_term_string}\"},\"query-input\":{\"@type\":\"PropertyValueSpecification\",\"valueRequired\":true,\"valueName\":\"search_term_string\"}}],\"inLanguage\":\"en-US\"},{\"@type\":\"Organization\",\"@id\":\"https:\\\/\\\/xelere.com\\\/#organization\",\"name\":\"Xelere\",\"url\":\"https:\\\/\\\/xelere.com\\\/\",\"logo\":{\"@type\":\"ImageObject\",\"inLanguage\":\"en-US\",\"@id\":\"https:\\\/\\\/xelere.com\\\/#\\\/schema\\\/logo\\\/image\\\/\",\"url\":\"https:\\\/\\\/xelere.com\\\/wp-content\\\/uploads\\\/2015\\\/09\\\/Marca-Xelere-031.png\",\"contentUrl\":\"https:\\\/\\\/xelere.com\\\/wp-content\\\/uploads\\\/2015\\\/09\\\/Marca-Xelere-031.png\",\"width\":810,\"height\":283,\"caption\":\"Xelere\"},\"image\":{\"@id\":\"https:\\\/\\\/xelere.com\\\/#\\\/schema\\\/logo\\\/image\\\/\"},\"sameAs\":[\"https:\\\/\\\/www.facebook.com\\\/XelereSA\\\/\",\"https:\\\/\\\/x.com\\\/Xelere\",\"https:\\\/\\\/www.linkedin.com\\\/company\\\/xelere\",\"https:\\\/\\\/www.youtube.com\\\/channel\\\/UCq796T-Uv9WHCogZPJ8uXaQ\"]}]}<\/script>\n<!-- \/ Yoast SEO plugin. -->","yoast_head_json":{"title":"Pol\u00edtica de Calidad - Xelere","robots":{"index":"index","follow":"follow","max-snippet":"max-snippet:-1","max-image-preview":"max-image-preview:large","max-video-preview":"max-video-preview:-1"},"canonical":"https:\/\/xelere.com\/en\/politica-de-calidad\/","og_locale":"en_US","og_type":"article","og_title":"Pol\u00edtica de Calidad - Xelere","og_description":"Pol\u00edtica de Calidad &nbsp;XELERE, somos una empresa de \u201cServicios de Consultor\u00eda e implementaci\u00f3n en soluciones de Ciberseguridad y en procesos de Tecnolog\u00eda de la Informaci\u00f3n\u201d. Poseemos una trayectoria de m\u00e1s de 20 a\u00f1os,\u00a0trabajando con nuestros clientes en Argentina y en la regi\u00f3n, para optimizar la gesti\u00f3n y seguridad de las tecnolog\u00edas y servicios que son [&hellip;]","og_url":"https:\/\/xelere.com\/en\/politica-de-calidad\/","og_site_name":"Xelere","article_publisher":"https:\/\/www.facebook.com\/XelereSA\/","article_modified_time":"2024-12-12T14:03:40+00:00","og_image":[{"width":1600,"height":1200,"url":"https:\/\/xelere.com\/wp-content\/uploads\/2015\/10\/conceptoiso.png","type":"image\/png"}],"twitter_card":"summary_large_image","twitter_site":"@Xelere","twitter_misc":{"Est. reading time":"2 minutes"},"schema":{"@context":"https:\/\/schema.org","@graph":[{"@type":"WebPage","@id":"https:\/\/xelere.com\/politica-de-calidad\/","url":"https:\/\/xelere.com\/politica-de-calidad\/","name":"Pol\u00edtica de Calidad - Xelere","isPartOf":{"@id":"https:\/\/xelere.com\/#website"},"datePublished":"2024-09-10T21:50:22+00:00","dateModified":"2024-12-12T14:03:40+00:00","breadcrumb":{"@id":"https:\/\/xelere.com\/politica-de-calidad\/#breadcrumb"},"inLanguage":"en-US","potentialAction":[{"@type":"ReadAction","target":["https:\/\/xelere.com\/politica-de-calidad\/"]}]},{"@type":"BreadcrumbList","@id":"https:\/\/xelere.com\/politica-de-calidad\/#breadcrumb","itemListElement":[{"@type":"ListItem","position":1,"name":"Home","item":"https:\/\/xelere.com\/"},{"@type":"ListItem","position":2,"name":"Pol\u00edtica de Calidad"}]},{"@type":"WebSite","@id":"https:\/\/xelere.com\/#website","url":"https:\/\/xelere.com\/","name":"Xelere","description":"","publisher":{"@id":"https:\/\/xelere.com\/#organization"},"potentialAction":[{"@type":"SearchAction","target":{"@type":"EntryPoint","urlTemplate":"https:\/\/xelere.com\/?s={search_term_string}"},"query-input":{"@type":"PropertyValueSpecification","valueRequired":true,"valueName":"search_term_string"}}],"inLanguage":"en-US"},{"@type":"Organization","@id":"https:\/\/xelere.com\/#organization","name":"Xelere","url":"https:\/\/xelere.com\/","logo":{"@type":"ImageObject","inLanguage":"en-US","@id":"https:\/\/xelere.com\/#\/schema\/logo\/image\/","url":"https:\/\/xelere.com\/wp-content\/uploads\/2015\/09\/Marca-Xelere-031.png","contentUrl":"https:\/\/xelere.com\/wp-content\/uploads\/2015\/09\/Marca-Xelere-031.png","width":810,"height":283,"caption":"Xelere"},"image":{"@id":"https:\/\/xelere.com\/#\/schema\/logo\/image\/"},"sameAs":["https:\/\/www.facebook.com\/XelereSA\/","https:\/\/x.com\/Xelere","https:\/\/www.linkedin.com\/company\/xelere","https:\/\/www.youtube.com\/channel\/UCq796T-Uv9WHCogZPJ8uXaQ"]}]}},"_links":{"self":[{"href":"https:\/\/xelere.com\/en\/wp-json\/wp\/v2\/pages\/13061","targetHints":{"allow":["GET"]}}],"collection":[{"href":"https:\/\/xelere.com\/en\/wp-json\/wp\/v2\/pages"}],"about":[{"href":"https:\/\/xelere.com\/en\/wp-json\/wp\/v2\/types\/page"}],"author":[{"embeddable":true,"href":"https:\/\/xelere.com\/en\/wp-json\/wp\/v2\/users\/3"}],"replies":[{"embeddable":true,"href":"https:\/\/xelere.com\/en\/wp-json\/wp\/v2\/comments?post=13061"}],"version-history":[{"count":5,"href":"https:\/\/xelere.com\/en\/wp-json\/wp\/v2\/pages\/13061\/revisions"}],"predecessor-version":[{"id":13355,"href":"https:\/\/xelere.com\/en\/wp-json\/wp\/v2\/pages\/13061\/revisions\/13355"}],"wp:attachment":[{"href":"https:\/\/xelere.com\/en\/wp-json\/wp\/v2\/media?parent=13061"}],"curies":[{"name":"wp","href":"https:\/\/api.w.org\/{rel}","templated":true}]}}