{"id":12516,"date":"2025-06-25T12:15:20","date_gmt":"2025-06-25T12:15:20","guid":{"rendered":"https:\/\/xelere.com\/?page_id=12516"},"modified":"2025-06-26T17:11:20","modified_gmt":"2025-06-26T17:11:20","slug":"descarga-webinar-seguridaddedatos","status":"publish","type":"page","link":"https:\/\/xelere.com\/en\/descarga-webinar-seguridaddedatos\/","title":{"rendered":"Descarga webinar Seguridad de datos"},"content":{"rendered":"<p>[et_pb_section fb_built=&#8221;1&#8243; custom_padding_last_edited=&#8221;on|desktop&#8221; admin_label=&#8221;section&#8221; _builder_version=&#8221;4.27.4&#8243; use_background_color_gradient=&#8221;on&#8221; background_color_gradient_direction=&#8221;202deg&#8221; background_color_gradient_stops=&#8221;#0c71c3 0%|#2b87da 100%&#8221; background_color_gradient_start=&#8221;#0c71c3&#8243; background_color_gradient_end=&#8221;#2b87da&#8221; background_image=&#8221;https:\/\/xelere.com\/wp-content\/uploads\/2025\/06\/Fondo-de-pantalla-seminario-3-scaled.png&#8221; parallax=&#8221;on&#8221; custom_padding_tablet=&#8221;50px|0|50px|0&#8243; custom_padding_phone=&#8221;&#8221; transparent_background=&#8221;off&#8221; global_colors_info=&#8221;{}&#8221;][et_pb_row column_structure=&#8221;1_4,1_4,1_4,1_4&#8243; padding_mobile=&#8221;off&#8221; column_padding_mobile=&#8221;on&#8221; _builder_version=&#8221;4.27.4&#8243; background_size=&#8221;initial&#8221; background_position=&#8221;top_left&#8221; background_repeat=&#8221;repeat&#8221; collapsed=&#8221;off&#8221; global_colors_info=&#8221;{}&#8221;][et_pb_column type=&#8221;1_4&#8243; _builder_version=&#8221;4.16&#8243; custom_padding=&#8221;|||&#8221; global_colors_info=&#8221;{}&#8221; custom_padding__hover=&#8221;|||&#8221;][et_pb_image src=&#8221;https:\/\/xelere.com\/wp-content\/uploads\/2021\/01\/logoxelere-01-2.png&#8221; title_text=&#8221;logoxelere-01-2&#8243; url=&#8221;https:\/\/xelere.com\/&#8221; url_new_window=&#8221;on&#8221; show_bottom_space=&#8221;off&#8221; align_tablet=&#8221;center&#8221; align_phone=&#8221;&#8221; align_last_edited=&#8221;on|desktop&#8221; _builder_version=&#8221;4.27.4&#8243; max_width=&#8221;250px&#8221; animation_direction=&#8221;off&#8221; animation=&#8221;off&#8221; sticky=&#8221;on&#8221; border_width=&#8221;3px&#8221; border_style=&#8221;solid&#8221; global_colors_info=&#8221;{}&#8221;][\/et_pb_image][\/et_pb_column][et_pb_column type=&#8221;1_4&#8243; _builder_version=&#8221;4.16&#8243; custom_padding=&#8221;|||&#8221; global_colors_info=&#8221;{}&#8221; custom_padding__hover=&#8221;|||&#8221;][\/et_pb_column][et_pb_column type=&#8221;1_4&#8243; _builder_version=&#8221;4.16&#8243; _module_preset=&#8221;default&#8221; global_colors_info=&#8221;{}&#8221;][\/et_pb_column][et_pb_column type=&#8221;1_4&#8243; _builder_version=&#8221;4.16&#8243; custom_padding=&#8221;|||&#8221; global_colors_info=&#8221;{}&#8221; custom_padding__hover=&#8221;|||&#8221;][\/et_pb_column][\/et_pb_row][et_pb_row column_structure=&#8221;1_2,1_2&#8243; _builder_version=&#8221;4.16&#8243; background_size=&#8221;initial&#8221; background_position=&#8221;top_left&#8221; background_repeat=&#8221;repeat&#8221; global_colors_info=&#8221;{}&#8221;][et_pb_column type=&#8221;1_2&#8243; _builder_version=&#8221;4.16&#8243; custom_padding=&#8221;|||&#8221; global_colors_info=&#8221;{}&#8221; custom_padding__hover=&#8221;|||&#8221;][et_pb_cta title=&#8221;Webinar On-demand Seguridad de datos en la era de la IA&#8221; button_url=&#8221;https:\/\/xelere.com\/orquestacion-inteligente-incidentes\/&#8221; url_new_window=&#8221;on&#8221; _builder_version=&#8221;4.27.4&#8243; header_font=&#8221;|on|||&#8221; header_font_size=&#8221;50&#8243; body_font_size=&#8221;22&#8243; background_color=&#8221;rgba(188,188,188,0)&#8221; background_size=&#8221;initial&#8221; background_position=&#8221;top_left&#8221; background_repeat=&#8221;repeat&#8221; text_orientation=&#8221;left&#8221; background_layout=&#8221;light&#8221; min_height=&#8221;636px&#8221; custom_margin=&#8221;||-78px|||&#8221; custom_padding=&#8221;||0px|||&#8221; hover_enabled=&#8221;0&#8243; global_colors_info=&#8221;{}&#8221; button_text_size__hover_enabled=&#8221;off&#8221; button_text_size__hover=&#8221;null&#8221; button_one_text_size__hover_enabled=&#8221;off&#8221; button_one_text_size__hover=&#8221;null&#8221; button_two_text_size__hover_enabled=&#8221;off&#8221; button_two_text_size__hover=&#8221;null&#8221; button_text_color__hover_enabled=&#8221;off&#8221; button_text_color__hover=&#8221;null&#8221; button_one_text_color__hover_enabled=&#8221;off&#8221; button_one_text_color__hover=&#8221;null&#8221; button_two_text_color__hover_enabled=&#8221;off&#8221; button_two_text_color__hover=&#8221;null&#8221; button_border_width__hover_enabled=&#8221;off&#8221; button_border_width__hover=&#8221;null&#8221; button_one_border_width__hover_enabled=&#8221;off&#8221; button_one_border_width__hover=&#8221;null&#8221; button_two_border_width__hover_enabled=&#8221;off&#8221; button_two_border_width__hover=&#8221;null&#8221; button_border_color__hover_enabled=&#8221;off&#8221; button_border_color__hover=&#8221;null&#8221; button_one_border_color__hover_enabled=&#8221;off&#8221; button_one_border_color__hover=&#8221;null&#8221; button_two_border_color__hover_enabled=&#8221;off&#8221; button_two_border_color__hover=&#8221;null&#8221; button_border_radius__hover_enabled=&#8221;off&#8221; button_border_radius__hover=&#8221;null&#8221; button_one_border_radius__hover_enabled=&#8221;off&#8221; button_one_border_radius__hover=&#8221;null&#8221; button_two_border_radius__hover_enabled=&#8221;off&#8221; button_two_border_radius__hover=&#8221;null&#8221; button_letter_spacing__hover_enabled=&#8221;off&#8221; button_letter_spacing__hover=&#8221;null&#8221; button_one_letter_spacing__hover_enabled=&#8221;off&#8221; button_one_letter_spacing__hover=&#8221;null&#8221; button_two_letter_spacing__hover_enabled=&#8221;off&#8221; button_two_letter_spacing__hover=&#8221;null&#8221; button_bg_color__hover_enabled=&#8221;off&#8221; button_bg_color__hover=&#8221;null&#8221; button_one_bg_color__hover_enabled=&#8221;off&#8221; button_one_bg_color__hover=&#8221;null&#8221; button_two_bg_color__hover_enabled=&#8221;off&#8221; button_two_bg_color__hover=&#8221;null&#8221; sticky_enabled=&#8221;0&#8243;]<\/p>\n<p>&nbsp;<\/p>\n<h1><span style=\"color: #000000;\">Explora c\u00f3mo la inteligencia artificial est\u00e1 impactando la privacidad, el cumplimiento de normativas y la protecci\u00f3n de datos.<\/span><\/h1>\n<p>&nbsp;<\/p>\n<h1><span style=\"color: #000000;\">En este webinar, te contamos c\u00f3mo anticiparte a los nuevos desaf\u00edos regulatorios y evolucionar tu seguridad de la mano de Xelere e IBM.<\/span><\/h1>\n<p>&nbsp;<\/p>\n<h1><span style=\"color: #000000;\">Conocer\u00e1s de primera mano el caso real de Telecom y las acciones concretas que est\u00e1 llevando adelante para enfrentar los desaf\u00edos de seguridad de sus datos.<\/span><span style=\"color: #000000;\">Con la participaci\u00f3n especial de Mariano Marino, Design and Evolution Leader, Telecom Argentina, quien compartir\u00e1 su testimonio y experiencia.<\/span><\/h1>\n<p>[\/et_pb_cta][\/et_pb_column][et_pb_column type=&#8221;1_2&#8243; _builder_version=&#8221;4.16&#8243; custom_padding=&#8221;|||&#8221; global_colors_info=&#8221;{}&#8221; custom_padding__hover=&#8221;|||&#8221;][et_pb_text _builder_version=&#8221;4.27.4&#8243; global_colors_info=&#8221;{}&#8221;]<\/p>\n<p><span style=\"color: #000000;\"><strong><span style=\"font-size: x-large;\"><span style=\"caret-color: #ffffff;\">Complet\u00e1<\/span> el formulario para ver el webinar<\/span><\/strong><\/span><\/p>\n<p>[\/et_pb_text][et_pb_code _builder_version=&#8221;4.27.4&#8243; background_color=&#8221;rgba(252,252,252,0.85)&#8221; custom_padding=&#8221;25px|25px|25px|25px&#8221; global_colors_info=&#8221;{}&#8221;]<div class=\"wpforms-container wpforms-container-full\" id=\"wpforms-13493\"><form id=\"wpforms-form-13493\" class=\"wpforms-validate wpforms-form\" data-formid=\"13493\" method=\"post\" enctype=\"multipart\/form-data\" action=\"\/en\/wp-json\/wp\/v2\/pages\/12516\" data-token=\"14be6a7e1e9405a03ff8952734280aa3\" data-token-time=\"1776854732\"><noscript class=\"wpforms-error-noscript\">Please enable JavaScript in your browser to complete this form.<\/noscript><div class=\"wpforms-field-container\"><div id=\"wpforms-13493-field_1-container\" class=\"wpforms-field wpforms-field-name\" data-field-id=\"1\"><label class=\"wpforms-field-label\" for=\"wpforms-13493-field_1\">Nombre <span class=\"wpforms-required-label\">*<\/span><\/label><div class=\"wpforms-field-row wpforms-field-medium\"><div class=\"wpforms-field-row-block wpforms-first wpforms-one-half\"><input type=\"text\" id=\"wpforms-13493-field_1\" class=\"wpforms-field-name-first wpforms-field-required\" name=\"wpforms[fields][1][first]\" placeholder=\"Nombre\" required><label for=\"wpforms-13493-field_1\" class=\"wpforms-field-sublabel after wpforms-sublabel-hide\">First<\/label><\/div><div class=\"wpforms-field-row-block wpforms-one-half\"><input type=\"text\" id=\"wpforms-13493-field_1-last\" class=\"wpforms-field-name-last wpforms-field-required\" name=\"wpforms[fields][1][last]\" placeholder=\"Apellido\" required><label for=\"wpforms-13493-field_1-last\" class=\"wpforms-field-sublabel after wpforms-sublabel-hide\">Last<\/label><\/div><\/div><\/div><div id=\"wpforms-13493-field_3-container\" class=\"wpforms-field wpforms-field-email\" data-field-id=\"3\"><label class=\"wpforms-field-label\" for=\"wpforms-13493-field_3\">Email corporativo <span class=\"wpforms-required-label\">*<\/span><\/label><input type=\"email\" id=\"wpforms-13493-field_3\" class=\"wpforms-field-medium wpforms-field-required\" name=\"wpforms[fields][3]\" placeholder=\"Email\" spellcheck=\"false\" required><\/div><div id=\"wpforms-13493-field_27-container\" class=\"wpforms-field wpforms-field-text\" data-field-id=\"27\"><label class=\"wpforms-field-label\" for=\"wpforms-13493-field_27\">Empresa <span class=\"wpforms-required-label\">*<\/span><\/label><input type=\"text\" id=\"wpforms-13493-field_27\" class=\"wpforms-field-medium wpforms-field-required\" name=\"wpforms[fields][27]\" required><\/div><div id=\"wpforms-13493-field_28-container\" class=\"wpforms-field wpforms-field-text\" data-field-id=\"28\"><label class=\"wpforms-field-label\" for=\"wpforms-13493-field_28\">Cargo <span class=\"wpforms-required-label\">*<\/span><\/label><input type=\"text\" id=\"wpforms-13493-field_28\" class=\"wpforms-field-medium wpforms-field-required\" name=\"wpforms[fields][28]\" required><\/div><div id=\"wpforms-13493-field_35-container\" class=\"wpforms-field wpforms-field-text\" data-field-id=\"35\"><label class=\"wpforms-field-label\" for=\"wpforms-13493-field_35\">Pa\u00eds <span class=\"wpforms-required-label\">*<\/span><\/label><input type=\"text\" id=\"wpforms-13493-field_35\" class=\"wpforms-field-medium wpforms-field-required\" name=\"wpforms[fields][35]\" required><\/div><div id=\"wpforms-13493-field_34-container\" class=\"wpforms-field wpforms-field-radio\" data-field-id=\"34\"><label class=\"wpforms-field-label\">\u00bfEst\u00e1s evaluando una soluci\u00f3n de Seguridad de datos? <span class=\"wpforms-required-label\">*<\/span><\/label><ul id=\"wpforms-13493-field_34\" class=\"wpforms-field-required\"><li class=\"choice-1 depth-1\"><input type=\"radio\" id=\"wpforms-13493-field_34_1\" name=\"wpforms[fields][34]\" value=\"S\u00ed\" required ><label class=\"wpforms-field-label-inline\" for=\"wpforms-13493-field_34_1\">S\u00ed<\/label><\/li><li class=\"choice-2 depth-1\"><input type=\"radio\" id=\"wpforms-13493-field_34_2\" name=\"wpforms[fields][34]\" value=\"No\" required ><label class=\"wpforms-field-label-inline\" for=\"wpforms-13493-field_34_2\">No<\/label><\/li><\/ul><\/div><\/div><!-- .wpforms-field-container --><div class=\"wpforms-field wpforms-field-hp\"><label for=\"wpforms-13493-field-hp\" class=\"wpforms-field-label\">Website<\/label><input type=\"text\" name=\"wpforms[hp]\" id=\"wpforms-13493-field-hp\" class=\"wpforms-field-medium\"><\/div><div class=\"wpforms-submit-container\" ><input type=\"hidden\" name=\"wpforms[id]\" value=\"13493\"><input type=\"hidden\" name=\"page_title\" value=\"\"><input type=\"hidden\" name=\"page_url\" value=\"https:\/\/xelere.com\/en\/wp-json\/wp\/v2\/pages\/12516\"><input type=\"hidden\" name=\"url_referer\" value=\"\"><button type=\"submit\" name=\"wpforms[submit]\" id=\"wpforms-submit-13493\" class=\"wpforms-submit\" data-alt-text=\"enviando...\" data-submit-text=\"Enviar\" aria-live=\"assertive\" value=\"wpforms-submit\">Enviar<\/button><\/div><\/form><\/div>  <!-- .wpforms-container -->[\/et_pb_code][\/et_pb_column][\/et_pb_row][\/et_pb_section][et_pb_section fb_built=&#8221;1&#8243; custom_padding_last_edited=&#8221;on|desktop&#8221; _builder_version=&#8221;4.16&#8243; background_color=&#8221;#ffffff&#8221; custom_padding=&#8221;-300px|||-300px&#8221; custom_padding_tablet=&#8221;50px|0|50px|0&#8243; custom_padding_phone=&#8221;&#8221; transparent_background=&#8221;off&#8221; padding_mobile=&#8221;off&#8221; global_colors_info=&#8221;{}&#8221;][et_pb_row column_structure=&#8221;1_4,1_4,1_2&#8243; padding_mobile=&#8221;off&#8221; column_padding_mobile=&#8221;on&#8221; _builder_version=&#8221;4.16&#8243; background_size=&#8221;initial&#8221; background_position=&#8221;top_left&#8221; background_repeat=&#8221;repeat&#8221; custom_padding=&#8221;-300px|||-300px&#8221; global_colors_info=&#8221;{}&#8221;][et_pb_column type=&#8221;1_4&#8243; _builder_version=&#8221;4.16&#8243; custom_padding=&#8221;|||&#8221; global_colors_info=&#8221;{}&#8221; custom_padding__hover=&#8221;|||&#8221;][et_pb_image src=&#8221;https:\/\/xelere.com\/wp-content\/uploads\/2016\/03\/firma.png&#8221; url=&#8221;https:\/\/xelere.com\/&#8221; url_new_window=&#8221;on&#8221; align=&#8221;right&#8221; align_tablet=&#8221;center&#8221; align_phone=&#8221;&#8221; align_last_edited=&#8221;on|desktop&#8221; _builder_version=&#8221;4.18.0&#8243; custom_margin=&#8221;-25px|-50px||&#8221; animation=&#8221;off&#8221; sticky=&#8221;off&#8221; use_border_color=&#8221;off&#8221; border_color=&#8221;#ffffff&#8221; border_style=&#8221;solid&#8221; global_colors_info=&#8221;{}&#8221;][\/et_pb_image][\/et_pb_column][et_pb_column type=&#8221;1_4&#8243; _builder_version=&#8221;4.16&#8243; custom_padding=&#8221;|||&#8221; global_colors_info=&#8221;{}&#8221; custom_padding__hover=&#8221;|||&#8221;][et_pb_text _builder_version=&#8221;4.27.4&#8243; background_size=&#8221;initial&#8221; background_position=&#8221;top_left&#8221; background_repeat=&#8221;repeat&#8221; module_alignment=&#8221;left&#8221; custom_margin=&#8221;|||-30px&#8221; border_style=&#8221;solid&#8221; global_colors_info=&#8221;{}&#8221;]<\/p>\n<p>\u00a9 Copyright 2025<\/p>\n<p>[\/et_pb_text][\/et_pb_column][et_pb_column type=&#8221;1_2&#8243; _builder_version=&#8221;4.16&#8243; custom_padding=&#8221;|||&#8221; global_colors_info=&#8221;{}&#8221; custom_padding__hover=&#8221;|||&#8221;][et_pb_text _builder_version=&#8221;4.16&#8243; background_size=&#8221;initial&#8221; background_position=&#8221;top_left&#8221; background_repeat=&#8221;repeat&#8221; module_alignment=&#8221;left&#8221; use_border_color=&#8221;off&#8221; border_color=&#8221;#ffffff&#8221; border_style=&#8221;solid&#8221; global_colors_info=&#8221;{}&#8221;]<a href=\"https:\/\/xelere.com\/wp-content\/uploads\/2016\/03\/tele.png\" rel=\"attachment wp-att-3658\"><img loading=\"lazy\" decoding=\"async\" class=\"alignleft wp-image-3658 \" src=\"https:\/\/xelere.com\/wp-content\/uploads\/2016\/03\/tele.png\" alt=\"tele\" width=\"15\" height=\"18\" \/><\/a>+54 11 5353 &#8211; 83 00 \u00a0 \u00a0 \u00a0\u00a0<a href=\"https:\/\/xelere.com\/wp-content\/uploads\/2016\/03\/sobre.png\" rel=\"attachment wp-att-3660\"><img loading=\"lazy\" decoding=\"async\" class=\"alignnone wp-image-3660\" src=\"https:\/\/xelere.com\/wp-content\/uploads\/2016\/03\/sobre.png\" alt=\"sobre\" width=\"14\" height=\"16\" \/><\/a>\u00a0 \u00a0\u00a0info@xelere.com \u00a0 \u00a0 \u00a0\u00a0<a href=\"https:\/\/web.facebook.com\/XelereSA\/?fref=ts\" rel=\"attachment wp-att-2579\"><img loading=\"lazy\" decoding=\"async\" class=\"alignnone wp-image-2579\" src=\"https:\/\/xelere.com\/wp-content\/uploads\/2015\/10\/facebookiconBlack.png\" alt=\"facebookiconBlack\" width=\"19\" height=\"19\" \/><\/a>\u00a0\u00a0<a href=\"https:\/\/twitter.com\/Xelere\" rel=\"attachment wp-att-2580\"><img loading=\"lazy\" decoding=\"async\" class=\"alignnone wp-image-2580\" src=\"https:\/\/xelere.com\/wp-content\/uploads\/2015\/10\/twittericonblack.png\" alt=\"twittericonblack\" width=\"19\" height=\"19\" \/><\/a>\u00a0 \u00a0<a href=\"https:\/\/www.linkedin.com\/company\/xelere\" rel=\"attachment wp-att-2581\"><img loading=\"lazy\" decoding=\"async\" class=\"alignnone wp-image-2581\" src=\"https:\/\/xelere.com\/wp-content\/uploads\/2015\/10\/linkediniconblack.png\" alt=\"linkediniconblack\" width=\"19\" height=\"19\" \/><\/a>[\/et_pb_text][\/et_pb_column][\/et_pb_row][\/et_pb_section]<\/p>\n","protected":false},"excerpt":{"rendered":"<p>&nbsp; Explora c\u00f3mo la inteligencia artificial est\u00e1 impactando la privacidad, el cumplimiento de normativas y la protecci\u00f3n de datos. &nbsp; En este webinar, te contamos c\u00f3mo anticiparte a los nuevos desaf\u00edos regulatorios y evolucionar tu seguridad de la mano de Xelere e IBM. &nbsp; Conocer\u00e1s de primera mano el caso real de Telecom y las [&hellip;]<\/p>\n","protected":false},"author":2,"featured_media":0,"parent":0,"menu_order":0,"comment_status":"closed","ping_status":"closed","template":"page-template-blank.php","meta":{"_et_pb_use_builder":"on","_et_pb_old_content":"","_et_gb_content_width":"","footnotes":""},"class_list":["post-12516","page","type-page","status-publish","hentry"],"yoast_head":"<!-- This site is optimized with the Yoast SEO plugin v27.4 - https:\/\/yoast.com\/product\/yoast-seo-wordpress\/ -->\n<title>Descarga webinar Seguridad de datos - Xelere<\/title>\n<meta name=\"robots\" content=\"index, follow, max-snippet:-1, max-image-preview:large, max-video-preview:-1\" \/>\n<link rel=\"canonical\" href=\"https:\/\/xelere.com\/en\/descarga-webinar-seguridaddedatos\/\" \/>\n<meta property=\"og:locale\" content=\"en_US\" \/>\n<meta property=\"og:type\" content=\"article\" \/>\n<meta property=\"og:title\" content=\"Descarga webinar Seguridad de datos - Xelere\" \/>\n<meta property=\"og:description\" content=\"&nbsp; Explora c\u00f3mo la inteligencia artificial est\u00e1 impactando la privacidad, el cumplimiento de normativas y la protecci\u00f3n de datos. &nbsp; En este webinar, te contamos c\u00f3mo anticiparte a los nuevos desaf\u00edos regulatorios y evolucionar tu seguridad de la mano de Xelere e IBM. &nbsp; Conocer\u00e1s de primera mano el caso real de Telecom y las [&hellip;]\" \/>\n<meta property=\"og:url\" content=\"https:\/\/xelere.com\/en\/descarga-webinar-seguridaddedatos\/\" \/>\n<meta property=\"og:site_name\" content=\"Xelere\" \/>\n<meta property=\"article:publisher\" content=\"https:\/\/www.facebook.com\/XelereSA\/\" \/>\n<meta property=\"article:modified_time\" content=\"2025-06-26T17:11:20+00:00\" \/>\n<meta property=\"og:image\" content=\"https:\/\/xelere.com\/wp-content\/uploads\/2016\/03\/tele.png\" \/>\n<meta name=\"twitter:card\" content=\"summary_large_image\" \/>\n<meta name=\"twitter:site\" content=\"@Xelere\" \/>\n<meta name=\"twitter:label1\" content=\"Est. reading time\" \/>\n\t<meta name=\"twitter:data1\" content=\"3 minutes\" \/>\n<script type=\"application\/ld+json\" class=\"yoast-schema-graph\">{\"@context\":\"https:\\\/\\\/schema.org\",\"@graph\":[{\"@type\":\"WebPage\",\"@id\":\"https:\\\/\\\/xelere.com\\\/descarga-webinar-seguridaddedatos\\\/\",\"url\":\"https:\\\/\\\/xelere.com\\\/descarga-webinar-seguridaddedatos\\\/\",\"name\":\"Descarga webinar Seguridad de datos - Xelere\",\"isPartOf\":{\"@id\":\"https:\\\/\\\/xelere.com\\\/#website\"},\"primaryImageOfPage\":{\"@id\":\"https:\\\/\\\/xelere.com\\\/descarga-webinar-seguridaddedatos\\\/#primaryimage\"},\"image\":{\"@id\":\"https:\\\/\\\/xelere.com\\\/descarga-webinar-seguridaddedatos\\\/#primaryimage\"},\"thumbnailUrl\":\"https:\\\/\\\/xelere.com\\\/wp-content\\\/uploads\\\/2016\\\/03\\\/tele.png\",\"datePublished\":\"2025-06-25T12:15:20+00:00\",\"dateModified\":\"2025-06-26T17:11:20+00:00\",\"breadcrumb\":{\"@id\":\"https:\\\/\\\/xelere.com\\\/descarga-webinar-seguridaddedatos\\\/#breadcrumb\"},\"inLanguage\":\"en-US\",\"potentialAction\":[{\"@type\":\"ReadAction\",\"target\":[\"https:\\\/\\\/xelere.com\\\/descarga-webinar-seguridaddedatos\\\/\"]}]},{\"@type\":\"ImageObject\",\"inLanguage\":\"en-US\",\"@id\":\"https:\\\/\\\/xelere.com\\\/descarga-webinar-seguridaddedatos\\\/#primaryimage\",\"url\":\"https:\\\/\\\/xelere.com\\\/wp-content\\\/uploads\\\/2016\\\/03\\\/tele.png\",\"contentUrl\":\"https:\\\/\\\/xelere.com\\\/wp-content\\\/uploads\\\/2016\\\/03\\\/tele.png\"},{\"@type\":\"BreadcrumbList\",\"@id\":\"https:\\\/\\\/xelere.com\\\/descarga-webinar-seguridaddedatos\\\/#breadcrumb\",\"itemListElement\":[{\"@type\":\"ListItem\",\"position\":1,\"name\":\"Home\",\"item\":\"https:\\\/\\\/xelere.com\\\/\"},{\"@type\":\"ListItem\",\"position\":2,\"name\":\"Descarga webinar Seguridad de datos\"}]},{\"@type\":\"WebSite\",\"@id\":\"https:\\\/\\\/xelere.com\\\/#website\",\"url\":\"https:\\\/\\\/xelere.com\\\/\",\"name\":\"Xelere\",\"description\":\"\",\"publisher\":{\"@id\":\"https:\\\/\\\/xelere.com\\\/#organization\"},\"potentialAction\":[{\"@type\":\"SearchAction\",\"target\":{\"@type\":\"EntryPoint\",\"urlTemplate\":\"https:\\\/\\\/xelere.com\\\/?s={search_term_string}\"},\"query-input\":{\"@type\":\"PropertyValueSpecification\",\"valueRequired\":true,\"valueName\":\"search_term_string\"}}],\"inLanguage\":\"en-US\"},{\"@type\":\"Organization\",\"@id\":\"https:\\\/\\\/xelere.com\\\/#organization\",\"name\":\"Xelere\",\"url\":\"https:\\\/\\\/xelere.com\\\/\",\"logo\":{\"@type\":\"ImageObject\",\"inLanguage\":\"en-US\",\"@id\":\"https:\\\/\\\/xelere.com\\\/#\\\/schema\\\/logo\\\/image\\\/\",\"url\":\"https:\\\/\\\/xelere.com\\\/wp-content\\\/uploads\\\/2015\\\/09\\\/Marca-Xelere-031.png\",\"contentUrl\":\"https:\\\/\\\/xelere.com\\\/wp-content\\\/uploads\\\/2015\\\/09\\\/Marca-Xelere-031.png\",\"width\":810,\"height\":283,\"caption\":\"Xelere\"},\"image\":{\"@id\":\"https:\\\/\\\/xelere.com\\\/#\\\/schema\\\/logo\\\/image\\\/\"},\"sameAs\":[\"https:\\\/\\\/www.facebook.com\\\/XelereSA\\\/\",\"https:\\\/\\\/x.com\\\/Xelere\",\"https:\\\/\\\/www.linkedin.com\\\/company\\\/xelere\",\"https:\\\/\\\/www.youtube.com\\\/channel\\\/UCq796T-Uv9WHCogZPJ8uXaQ\"]}]}<\/script>\n<!-- \/ Yoast SEO plugin. -->","yoast_head_json":{"title":"Descarga webinar Seguridad de datos - Xelere","robots":{"index":"index","follow":"follow","max-snippet":"max-snippet:-1","max-image-preview":"max-image-preview:large","max-video-preview":"max-video-preview:-1"},"canonical":"https:\/\/xelere.com\/en\/descarga-webinar-seguridaddedatos\/","og_locale":"en_US","og_type":"article","og_title":"Descarga webinar Seguridad de datos - Xelere","og_description":"&nbsp; Explora c\u00f3mo la inteligencia artificial est\u00e1 impactando la privacidad, el cumplimiento de normativas y la protecci\u00f3n de datos. &nbsp; En este webinar, te contamos c\u00f3mo anticiparte a los nuevos desaf\u00edos regulatorios y evolucionar tu seguridad de la mano de Xelere e IBM. &nbsp; Conocer\u00e1s de primera mano el caso real de Telecom y las [&hellip;]","og_url":"https:\/\/xelere.com\/en\/descarga-webinar-seguridaddedatos\/","og_site_name":"Xelere","article_publisher":"https:\/\/www.facebook.com\/XelereSA\/","article_modified_time":"2025-06-26T17:11:20+00:00","og_image":[{"url":"https:\/\/xelere.com\/wp-content\/uploads\/2016\/03\/tele.png","type":"","width":"","height":""}],"twitter_card":"summary_large_image","twitter_site":"@Xelere","twitter_misc":{"Est. reading time":"3 minutes"},"schema":{"@context":"https:\/\/schema.org","@graph":[{"@type":"WebPage","@id":"https:\/\/xelere.com\/descarga-webinar-seguridaddedatos\/","url":"https:\/\/xelere.com\/descarga-webinar-seguridaddedatos\/","name":"Descarga webinar Seguridad de datos - Xelere","isPartOf":{"@id":"https:\/\/xelere.com\/#website"},"primaryImageOfPage":{"@id":"https:\/\/xelere.com\/descarga-webinar-seguridaddedatos\/#primaryimage"},"image":{"@id":"https:\/\/xelere.com\/descarga-webinar-seguridaddedatos\/#primaryimage"},"thumbnailUrl":"https:\/\/xelere.com\/wp-content\/uploads\/2016\/03\/tele.png","datePublished":"2025-06-25T12:15:20+00:00","dateModified":"2025-06-26T17:11:20+00:00","breadcrumb":{"@id":"https:\/\/xelere.com\/descarga-webinar-seguridaddedatos\/#breadcrumb"},"inLanguage":"en-US","potentialAction":[{"@type":"ReadAction","target":["https:\/\/xelere.com\/descarga-webinar-seguridaddedatos\/"]}]},{"@type":"ImageObject","inLanguage":"en-US","@id":"https:\/\/xelere.com\/descarga-webinar-seguridaddedatos\/#primaryimage","url":"https:\/\/xelere.com\/wp-content\/uploads\/2016\/03\/tele.png","contentUrl":"https:\/\/xelere.com\/wp-content\/uploads\/2016\/03\/tele.png"},{"@type":"BreadcrumbList","@id":"https:\/\/xelere.com\/descarga-webinar-seguridaddedatos\/#breadcrumb","itemListElement":[{"@type":"ListItem","position":1,"name":"Home","item":"https:\/\/xelere.com\/"},{"@type":"ListItem","position":2,"name":"Descarga webinar Seguridad de datos"}]},{"@type":"WebSite","@id":"https:\/\/xelere.com\/#website","url":"https:\/\/xelere.com\/","name":"Xelere","description":"","publisher":{"@id":"https:\/\/xelere.com\/#organization"},"potentialAction":[{"@type":"SearchAction","target":{"@type":"EntryPoint","urlTemplate":"https:\/\/xelere.com\/?s={search_term_string}"},"query-input":{"@type":"PropertyValueSpecification","valueRequired":true,"valueName":"search_term_string"}}],"inLanguage":"en-US"},{"@type":"Organization","@id":"https:\/\/xelere.com\/#organization","name":"Xelere","url":"https:\/\/xelere.com\/","logo":{"@type":"ImageObject","inLanguage":"en-US","@id":"https:\/\/xelere.com\/#\/schema\/logo\/image\/","url":"https:\/\/xelere.com\/wp-content\/uploads\/2015\/09\/Marca-Xelere-031.png","contentUrl":"https:\/\/xelere.com\/wp-content\/uploads\/2015\/09\/Marca-Xelere-031.png","width":810,"height":283,"caption":"Xelere"},"image":{"@id":"https:\/\/xelere.com\/#\/schema\/logo\/image\/"},"sameAs":["https:\/\/www.facebook.com\/XelereSA\/","https:\/\/x.com\/Xelere","https:\/\/www.linkedin.com\/company\/xelere","https:\/\/www.youtube.com\/channel\/UCq796T-Uv9WHCogZPJ8uXaQ"]}]}},"_links":{"self":[{"href":"https:\/\/xelere.com\/en\/wp-json\/wp\/v2\/pages\/12516","targetHints":{"allow":["GET"]}}],"collection":[{"href":"https:\/\/xelere.com\/en\/wp-json\/wp\/v2\/pages"}],"about":[{"href":"https:\/\/xelere.com\/en\/wp-json\/wp\/v2\/types\/page"}],"author":[{"embeddable":true,"href":"https:\/\/xelere.com\/en\/wp-json\/wp\/v2\/users\/2"}],"replies":[{"embeddable":true,"href":"https:\/\/xelere.com\/en\/wp-json\/wp\/v2\/comments?post=12516"}],"version-history":[{"count":32,"href":"https:\/\/xelere.com\/en\/wp-json\/wp\/v2\/pages\/12516\/revisions"}],"predecessor-version":[{"id":13528,"href":"https:\/\/xelere.com\/en\/wp-json\/wp\/v2\/pages\/12516\/revisions\/13528"}],"wp:attachment":[{"href":"https:\/\/xelere.com\/en\/wp-json\/wp\/v2\/media?parent=12516"}],"curies":[{"name":"wp","href":"https:\/\/api.w.org\/{rel}","templated":true}]}}