{"id":11096,"date":"2021-11-08T22:01:06","date_gmt":"2021-11-08T22:01:06","guid":{"rendered":"https:\/\/xelere.com\/?page_id=11096"},"modified":"2024-09-09T15:47:28","modified_gmt":"2024-09-09T15:47:28","slug":"politica-de-privacidad","status":"publish","type":"page","link":"https:\/\/xelere.com\/en\/politica-de-privacidad\/","title":{"rendered":"Pol\u00edtica de privacidad"},"content":{"rendered":"<p>[et_pb_section fb_built=&#8221;1&#8243; custom_padding_last_edited=&#8221;on|desktop&#8221; admin_label=&#8221;Section&#8221; _builder_version=&#8221;4.16&#8243; background_color=&#8221;#c83234&#8243; background_image=&#8221;https:\/\/xelere.com\/wp-content\/uploads\/2015\/08\/Websitetemplate-152.png&#8221; custom_padding_tablet=&#8221;50px|0|50px|0&#8243; custom_padding_phone=&#8221;&#8221; transparent_background=&#8221;off&#8221; padding_mobile=&#8221;off&#8221; make_fullwidth=&#8221;off&#8221; use_custom_width=&#8221;off&#8221; width_unit=&#8221;on&#8221; global_colors_info=&#8221;{}&#8221;][et_pb_row admin_label=&#8221;Fila&#8221; _builder_version=&#8221;4.16&#8243; background_size=&#8221;initial&#8221; background_position=&#8221;top_left&#8221; background_repeat=&#8221;repeat&#8221; global_colors_info=&#8221;{}&#8221;][et_pb_column type=&#8221;4_4&#8243; _builder_version=&#8221;4.16&#8243; custom_padding=&#8221;|||&#8221; global_colors_info=&#8221;{}&#8221; custom_padding__hover=&#8221;|||&#8221;][et_pb_text admin_label=&#8221;Text&#8221; _builder_version=&#8221;4.27.0&#8243; text_font=&#8221;|on|||&#8221; text_font_size=&#8221;45&#8243; header_font=&#8221;|700|||||||&#8221; header_font_size=&#8221;35px&#8221; background_size=&#8221;initial&#8221; background_position=&#8221;top_left&#8221; background_repeat=&#8221;repeat&#8221; background_layout=&#8221;dark&#8221; use_border_color=&#8221;off&#8221; border_color=&#8221;#ffffff&#8221; border_style=&#8221;solid&#8221; global_colors_info=&#8221;{}&#8221;]<\/p>\n<h1>\u00a0Pol\u00edtica de Privacidad<\/h1>\n<p>&nbsp;<\/p>\n<p>[\/et_pb_text][\/et_pb_column][\/et_pb_row][\/et_pb_section][et_pb_section fb_built=&#8221;1&#8243; admin_label=&#8221;Secci\u00f3n&#8221; _builder_version=&#8221;4.16&#8243; global_colors_info=&#8221;{}&#8221;][et_pb_row admin_label=&#8221;Fila&#8221; _builder_version=&#8221;4.16&#8243; background_size=&#8221;initial&#8221; background_position=&#8221;top_left&#8221; background_repeat=&#8221;repeat&#8221; global_colors_info=&#8221;{}&#8221;][et_pb_column type=&#8221;4_4&#8243; _builder_version=&#8221;4.16&#8243; custom_padding=&#8221;|||&#8221; global_colors_info=&#8221;{}&#8221; custom_padding__hover=&#8221;|||&#8221;][et_pb_text admin_label=&#8221;Texto&#8221; _builder_version=&#8221;4.27.0&#8243; text_font_size=&#8221;18px&#8221; background_size=&#8221;initial&#8221; background_position=&#8221;top_left&#8221; background_repeat=&#8221;repeat&#8221; hover_enabled=&#8221;0&#8243; use_border_color=&#8221;off&#8221; border_color=&#8221;#ffffff&#8221; border_style=&#8221;solid&#8221; global_colors_info=&#8221;{}&#8221; sticky_enabled=&#8221;0&#8243;]<\/p>\n<ol><\/ol>\n<p><b>1. DECLARACI\u00d3N Y POL\u00cdTICA DE PRIVACIDAD<\/b><\/p>\n<p><span style=\"font-weight: 400;\">Esta pol\u00edtica de privacidad resulta aplicable a los datos personales (en adelante, \u201cDatos Personales\u201d, \u201cDatos\u201d o \u201cInformaci\u00f3n\u201d, de manera indistinta) que Usted proporcione a Xelere (en adelante, La empresa), con domicilio legal constituido en <\/span><a href=\"https:\/\/www.google.com.ar\/maps\/place\/Av.+Caseros+3392,+C1263AAP+CABA\/@-34.638501,-58.4151256,17z\/data=!4m13!1m7!3m6!1s0x95bccb08ddc4245f:0xe5d818290ce195b!2sAv.+Caseros+3392,+C1263AAP+CABA!3b1!8m2!3d-34.638501!4d-58.4129369!3m4!1s0x95bccb08ddc4245f:0xe5d818290ce195b!8m2!3d-34.638501!4d-58.4129369?hl=es\"><span style=\"font-weight: 400;\">Av Caseros 3392 \u2013 Piso 8,Buenos Aires<\/span><\/a><span style=\"font-weight: 400;\">, Argentina, la cual es responsables del tratamiento de los \u201cDatos Personales\u201d que recabe, seg\u00fan dicho t\u00e9rmino se define en la\u00a0 Ley N\u00b0 25.326, de Protecci\u00f3n de Datos Personales, su Decreto Reglamentario N\u00b0 1558\/2001 y dem\u00e1s normas complementaria.<\/span><\/p>\n<p><span style=\"font-weight: 400;\">1.1 Asimismo, esta Pol\u00edtica de Privacidad resulta aplicable a los Datos Personales que Usted proporcione a trav\u00e9s de los canales de comunicaci\u00f3n telef\u00f3nica, e-mails de atenci\u00f3n al cliente.<\/span><span style=\"font-weight: 400;\"><\/span><\/p>\n<p><span style=\"font-weight: 400;\">\u00a0<\/span><\/p>\n<p><b>2. DATOS PERSONALES RECABADOS Y FINALIDAD.\u00a0<\/b><\/p>\n<p><span style=\"font-weight: 400;\">Los Datos Personales que la empresa recabe directa o indirectamente incluyen, sin limitaci\u00f3n: (i) nombre completo; (ii) domicilios; (iii) n\u00famero telef\u00f3nico, (iv) correo electr\u00f3nico. De conformidad con el art\u00edculo 5 de la Ley, la empresa requiere de su consentimiento expreso para el tratamiento de sus Datos Personales. Si usted no manifiesta su oposici\u00f3n para el tratamiento de sus Datos Personales, se entender\u00e1 que otorga su consentimiento a Xelere para que \u00e9sta trate y procese sus Datos Personales conforme lo indicado en la presente y la mencionada ley.<\/span><\/p>\n<p><span style=\"font-weight: 400;\">\u00a0<\/span><\/p>\n<p><b>3. FINALIDADES DEL TRATAMIENTO.<\/b><\/p>\n<p><span style=\"font-weight: 400;\">Sus datos podr\u00e1n ser analizados y procesados para cualquiera de las siguientes finalidades: (i) enviar o recibir notificaciones sobre nuevos productos y\/o servicios relacionados; (ii) enviar y\/o recibir promociones; (iii) llevar a cabo o participar en encuestas de satisfacci\u00f3n; y (iv) realizar actividades para fines mercadol\u00f3gicos, de prospecci\u00f3n comercial.<\/span><\/p>\n<p><span style=\"font-weight: 400;\">\u00a0<\/span><\/p>\n<p><b>4. TRANSFERENCIAS.\u00a0<\/b><\/p>\n<p><span style=\"font-weight: 400;\">Con el fin de dar cumplimiento a las obligaciones derivadas de la relaci\u00f3n jur\u00eddica que la empresa tiene con el titular de los datos que se recabe, las finalidades previstas en este Pol\u00edtica de Privacidad, la ley, su decreto reglamento y otras disposiciones aplicables, la empresa podr\u00e1 transferir los datos a autoridades gubernamentales, a terceros nacionales o extranjeros que intervengan en la prestaci\u00f3n de productos y\/o servicios afectados y a sociedades controladoras, afiliadas, subsidiarias bajo el control com\u00fan de la empresa o a cualquier sociedad de su grupo, sea que se encuentren en territorio nacional o en cualquier jurisdicci\u00f3n extranjera.<\/span><\/p>\n<p><span style=\"font-weight: 400;\">\u00a0<\/span><\/p>\n<p><b>5. EJERCICIO DE DERECHOS. REVOCACI\u00d3N DE CONSENTIMIENTO.\u00a0<\/b><\/p>\n<p><span style=\"font-weight: 400;\">El titular de Datos podr\u00e1 ejercer derechos de acceso, rectificaci\u00f3n, supresi\u00f3n y actualizaci\u00f3n respecto de sus Datos Personales o revocar su consentimiento otorgado respecto de sus datos enviando su solicitud por escrito al domicilio indicado en el presente Politica de Privacidad o a la casilla de correo PoliticaDeDatos@Xelere.com. Dicha solicitud deber\u00e1 contener por lo menos: (i) nombre completo del titular de los Datos Personales; (ii) domicilio completo u otro medio para comunicarle la respuesta a su solicitud; (iii) los documentos que acrediten su identidad o, en caso de realizarse mediante representante legal, documentaci\u00f3n que certifique dicha representaci\u00f3n.<\/span><\/p>\n<p><span style=\"font-weight: 400;\">Xelere comunicar\u00e1 su respuesta a las solicitudes que sean presentadas en la forma indicada en el p\u00e1rrafo anterior, mediante respuesta escrita dirigida al titular de los Datos Personales identificado en cada solicitud, dentro de los plazos correspondientes indicados en la Ley.\u00a0<\/span><\/p>\n<p><span style=\"font-weight: 400;\">El ejercicio del derecho al acceso podr\u00e1 ser ejercido en forma gratuita a intervalos no inferiores a seis meses,\u00a0 conforme lo establecido en el art\u00edculo 14, inciso 3 de la Ley 25.326.<\/span><\/p>\n<p><span style=\"font-weight: 400;\">El ejercicio de los derechos de rectificaci\u00f3n, actualizaci\u00f3n o supresi\u00f3n ser\u00e1n gratuitos.<\/span><\/p>\n<p><span style=\"font-weight: 400;\">\u00a0<\/span><\/p>\n<p><b>6. MODIFICACIONES AL AVISO DE PRIVACIDAD.<\/b><\/p>\n<p><span style=\"font-weight: 400;\">Xelere podr\u00e1 modificar la presente Pol\u00edtica de Privacidad en cualquier momento y por cualquier causa, dando aviso de lo mismo, en cuyo caso Xelere publicar\u00e1 la versi\u00f3n actualizada del presente Pol\u00edtica de Privacidad en su portal de internet.<\/span><\/p>\n<p><span style=\"font-weight: 400;\">\u00a0<\/span><\/p>\n<p><b>7. AUTORIDAD DE APLICACI\u00d3N.<\/b><\/p>\n<p><span style=\"font-weight: 400;\">La Agencia de Acceso a la Informaci\u00f3n P\u00fablica es el \u00f3rgano de control de la Ley y tiene la atribuci\u00f3n de atender las denuncias y reclamos relacionados con el incumplimiento de las normas sobre protecci\u00f3n de datos personales.<\/span><\/p>\n<p><span style=\"font-weight: 400;\">\u00a0<\/span><\/p>\n<p><b>8. CONTACTO<\/b><\/p>\n<p><span style=\"font-weight: 400;\">Por cualquier duda relacionada con el alcance de esta Pol\u00edtica de Privacidad o el tratamiento de sus Datos Personales, podr\u00e1 contactarse por mail a la casilla PoliticaDePrivacidad@Xelere.com<\/span><\/p>\n<p>&nbsp;<\/p>\n<p>[\/et_pb_text][\/et_pb_column][\/et_pb_row][\/et_pb_section]<\/p>\n","protected":false},"excerpt":{"rendered":"<p>\u00a0Pol\u00edtica de Privacidad &nbsp; 1. DECLARACI\u00d3N Y POL\u00cdTICA DE PRIVACIDAD Esta pol\u00edtica de privacidad resulta aplicable a los datos personales (en adelante, \u201cDatos Personales\u201d, \u201cDatos\u201d o \u201cInformaci\u00f3n\u201d, de manera indistinta) que Usted proporcione a Xelere (en adelante, La empresa), con domicilio legal constituido en Av Caseros 3392 \u2013 Piso 8,Buenos Aires, Argentina, la cual es [&hellip;]<\/p>\n","protected":false},"author":3,"featured_media":0,"parent":0,"menu_order":0,"comment_status":"closed","ping_status":"closed","template":"","meta":{"_et_pb_use_builder":"on","_et_pb_old_content":"","_et_gb_content_width":"","footnotes":""},"class_list":["post-11096","page","type-page","status-publish","hentry"],"yoast_head":"<!-- This site is optimized with the Yoast SEO plugin v27.4 - https:\/\/yoast.com\/product\/yoast-seo-wordpress\/ -->\n<title>Pol\u00edtica de privacidad - Xelere<\/title>\n<meta name=\"robots\" content=\"index, follow, max-snippet:-1, max-image-preview:large, max-video-preview:-1\" \/>\n<link rel=\"canonical\" href=\"https:\/\/xelere.com\/en\/politica-de-privacidad\/\" \/>\n<meta property=\"og:locale\" content=\"en_US\" \/>\n<meta property=\"og:type\" content=\"article\" \/>\n<meta property=\"og:title\" content=\"Pol\u00edtica de privacidad - Xelere\" \/>\n<meta property=\"og:description\" content=\"\u00a0Pol\u00edtica de Privacidad &nbsp; 1. DECLARACI\u00d3N Y POL\u00cdTICA DE PRIVACIDAD Esta pol\u00edtica de privacidad resulta aplicable a los datos personales (en adelante, \u201cDatos Personales\u201d, \u201cDatos\u201d o \u201cInformaci\u00f3n\u201d, de manera indistinta) que Usted proporcione a Xelere (en adelante, La empresa), con domicilio legal constituido en Av Caseros 3392 \u2013 Piso 8,Buenos Aires, Argentina, la cual es [&hellip;]\" \/>\n<meta property=\"og:url\" content=\"https:\/\/xelere.com\/en\/politica-de-privacidad\/\" \/>\n<meta property=\"og:site_name\" content=\"Xelere\" \/>\n<meta property=\"article:publisher\" content=\"https:\/\/www.facebook.com\/XelereSA\/\" \/>\n<meta property=\"article:modified_time\" content=\"2024-09-09T15:47:28+00:00\" \/>\n<meta property=\"og:image\" content=\"https:\/\/xelere.com\/wp-content\/uploads\/2015\/10\/conceptoiso.png\" \/>\n\t<meta property=\"og:image:width\" content=\"1600\" \/>\n\t<meta property=\"og:image:height\" content=\"1200\" \/>\n\t<meta property=\"og:image:type\" content=\"image\/png\" \/>\n<meta name=\"twitter:card\" content=\"summary_large_image\" \/>\n<meta name=\"twitter:site\" content=\"@Xelere\" \/>\n<meta name=\"twitter:label1\" content=\"Est. reading time\" \/>\n\t<meta name=\"twitter:data1\" content=\"4 minutes\" \/>\n<script type=\"application\/ld+json\" class=\"yoast-schema-graph\">{\"@context\":\"https:\\\/\\\/schema.org\",\"@graph\":[{\"@type\":\"WebPage\",\"@id\":\"https:\\\/\\\/xelere.com\\\/politica-de-privacidad\\\/\",\"url\":\"https:\\\/\\\/xelere.com\\\/politica-de-privacidad\\\/\",\"name\":\"Pol\u00edtica de privacidad - Xelere\",\"isPartOf\":{\"@id\":\"https:\\\/\\\/xelere.com\\\/#website\"},\"datePublished\":\"2021-11-08T22:01:06+00:00\",\"dateModified\":\"2024-09-09T15:47:28+00:00\",\"breadcrumb\":{\"@id\":\"https:\\\/\\\/xelere.com\\\/politica-de-privacidad\\\/#breadcrumb\"},\"inLanguage\":\"en-US\",\"potentialAction\":[{\"@type\":\"ReadAction\",\"target\":[\"https:\\\/\\\/xelere.com\\\/politica-de-privacidad\\\/\"]}]},{\"@type\":\"BreadcrumbList\",\"@id\":\"https:\\\/\\\/xelere.com\\\/politica-de-privacidad\\\/#breadcrumb\",\"itemListElement\":[{\"@type\":\"ListItem\",\"position\":1,\"name\":\"Home\",\"item\":\"https:\\\/\\\/xelere.com\\\/\"},{\"@type\":\"ListItem\",\"position\":2,\"name\":\"Pol\u00edtica de privacidad\"}]},{\"@type\":\"WebSite\",\"@id\":\"https:\\\/\\\/xelere.com\\\/#website\",\"url\":\"https:\\\/\\\/xelere.com\\\/\",\"name\":\"Xelere\",\"description\":\"\",\"publisher\":{\"@id\":\"https:\\\/\\\/xelere.com\\\/#organization\"},\"potentialAction\":[{\"@type\":\"SearchAction\",\"target\":{\"@type\":\"EntryPoint\",\"urlTemplate\":\"https:\\\/\\\/xelere.com\\\/?s={search_term_string}\"},\"query-input\":{\"@type\":\"PropertyValueSpecification\",\"valueRequired\":true,\"valueName\":\"search_term_string\"}}],\"inLanguage\":\"en-US\"},{\"@type\":\"Organization\",\"@id\":\"https:\\\/\\\/xelere.com\\\/#organization\",\"name\":\"Xelere\",\"url\":\"https:\\\/\\\/xelere.com\\\/\",\"logo\":{\"@type\":\"ImageObject\",\"inLanguage\":\"en-US\",\"@id\":\"https:\\\/\\\/xelere.com\\\/#\\\/schema\\\/logo\\\/image\\\/\",\"url\":\"https:\\\/\\\/xelere.com\\\/wp-content\\\/uploads\\\/2015\\\/09\\\/Marca-Xelere-031.png\",\"contentUrl\":\"https:\\\/\\\/xelere.com\\\/wp-content\\\/uploads\\\/2015\\\/09\\\/Marca-Xelere-031.png\",\"width\":810,\"height\":283,\"caption\":\"Xelere\"},\"image\":{\"@id\":\"https:\\\/\\\/xelere.com\\\/#\\\/schema\\\/logo\\\/image\\\/\"},\"sameAs\":[\"https:\\\/\\\/www.facebook.com\\\/XelereSA\\\/\",\"https:\\\/\\\/x.com\\\/Xelere\",\"https:\\\/\\\/www.linkedin.com\\\/company\\\/xelere\",\"https:\\\/\\\/www.youtube.com\\\/channel\\\/UCq796T-Uv9WHCogZPJ8uXaQ\"]}]}<\/script>\n<!-- \/ Yoast SEO plugin. -->","yoast_head_json":{"title":"Pol\u00edtica de privacidad - Xelere","robots":{"index":"index","follow":"follow","max-snippet":"max-snippet:-1","max-image-preview":"max-image-preview:large","max-video-preview":"max-video-preview:-1"},"canonical":"https:\/\/xelere.com\/en\/politica-de-privacidad\/","og_locale":"en_US","og_type":"article","og_title":"Pol\u00edtica de privacidad - Xelere","og_description":"\u00a0Pol\u00edtica de Privacidad &nbsp; 1. DECLARACI\u00d3N Y POL\u00cdTICA DE PRIVACIDAD Esta pol\u00edtica de privacidad resulta aplicable a los datos personales (en adelante, \u201cDatos Personales\u201d, \u201cDatos\u201d o \u201cInformaci\u00f3n\u201d, de manera indistinta) que Usted proporcione a Xelere (en adelante, La empresa), con domicilio legal constituido en Av Caseros 3392 \u2013 Piso 8,Buenos Aires, Argentina, la cual es [&hellip;]","og_url":"https:\/\/xelere.com\/en\/politica-de-privacidad\/","og_site_name":"Xelere","article_publisher":"https:\/\/www.facebook.com\/XelereSA\/","article_modified_time":"2024-09-09T15:47:28+00:00","og_image":[{"width":1600,"height":1200,"url":"https:\/\/xelere.com\/wp-content\/uploads\/2015\/10\/conceptoiso.png","type":"image\/png"}],"twitter_card":"summary_large_image","twitter_site":"@Xelere","twitter_misc":{"Est. reading time":"4 minutes"},"schema":{"@context":"https:\/\/schema.org","@graph":[{"@type":"WebPage","@id":"https:\/\/xelere.com\/politica-de-privacidad\/","url":"https:\/\/xelere.com\/politica-de-privacidad\/","name":"Pol\u00edtica de privacidad - Xelere","isPartOf":{"@id":"https:\/\/xelere.com\/#website"},"datePublished":"2021-11-08T22:01:06+00:00","dateModified":"2024-09-09T15:47:28+00:00","breadcrumb":{"@id":"https:\/\/xelere.com\/politica-de-privacidad\/#breadcrumb"},"inLanguage":"en-US","potentialAction":[{"@type":"ReadAction","target":["https:\/\/xelere.com\/politica-de-privacidad\/"]}]},{"@type":"BreadcrumbList","@id":"https:\/\/xelere.com\/politica-de-privacidad\/#breadcrumb","itemListElement":[{"@type":"ListItem","position":1,"name":"Home","item":"https:\/\/xelere.com\/"},{"@type":"ListItem","position":2,"name":"Pol\u00edtica de privacidad"}]},{"@type":"WebSite","@id":"https:\/\/xelere.com\/#website","url":"https:\/\/xelere.com\/","name":"Xelere","description":"","publisher":{"@id":"https:\/\/xelere.com\/#organization"},"potentialAction":[{"@type":"SearchAction","target":{"@type":"EntryPoint","urlTemplate":"https:\/\/xelere.com\/?s={search_term_string}"},"query-input":{"@type":"PropertyValueSpecification","valueRequired":true,"valueName":"search_term_string"}}],"inLanguage":"en-US"},{"@type":"Organization","@id":"https:\/\/xelere.com\/#organization","name":"Xelere","url":"https:\/\/xelere.com\/","logo":{"@type":"ImageObject","inLanguage":"en-US","@id":"https:\/\/xelere.com\/#\/schema\/logo\/image\/","url":"https:\/\/xelere.com\/wp-content\/uploads\/2015\/09\/Marca-Xelere-031.png","contentUrl":"https:\/\/xelere.com\/wp-content\/uploads\/2015\/09\/Marca-Xelere-031.png","width":810,"height":283,"caption":"Xelere"},"image":{"@id":"https:\/\/xelere.com\/#\/schema\/logo\/image\/"},"sameAs":["https:\/\/www.facebook.com\/XelereSA\/","https:\/\/x.com\/Xelere","https:\/\/www.linkedin.com\/company\/xelere","https:\/\/www.youtube.com\/channel\/UCq796T-Uv9WHCogZPJ8uXaQ"]}]}},"_links":{"self":[{"href":"https:\/\/xelere.com\/en\/wp-json\/wp\/v2\/pages\/11096","targetHints":{"allow":["GET"]}}],"collection":[{"href":"https:\/\/xelere.com\/en\/wp-json\/wp\/v2\/pages"}],"about":[{"href":"https:\/\/xelere.com\/en\/wp-json\/wp\/v2\/types\/page"}],"author":[{"embeddable":true,"href":"https:\/\/xelere.com\/en\/wp-json\/wp\/v2\/users\/3"}],"replies":[{"embeddable":true,"href":"https:\/\/xelere.com\/en\/wp-json\/wp\/v2\/comments?post=11096"}],"version-history":[{"count":9,"href":"https:\/\/xelere.com\/en\/wp-json\/wp\/v2\/pages\/11096\/revisions"}],"predecessor-version":[{"id":13052,"href":"https:\/\/xelere.com\/en\/wp-json\/wp\/v2\/pages\/11096\/revisions\/13052"}],"wp:attachment":[{"href":"https:\/\/xelere.com\/en\/wp-json\/wp\/v2\/media?parent=11096"}],"curies":[{"name":"wp","href":"https:\/\/api.w.org\/{rel}","templated":true}]}}